{"id":1866,"date":"2015-12-11T09:31:09","date_gmt":"2015-12-11T09:31:09","guid":{"rendered":"http:\/\/fcba-offshore.com\/?page_id=1866"},"modified":"2016-10-10T13:55:17","modified_gmt":"2016-10-10T13:55:17","slug":"offshore-spolocnosti","status":"publish","type":"page","link":"https:\/\/fcba-offshore.com\/sk\/offshore-spolocnosti\/","title":{"rendered":"Offshore spolo\u010dnosti"},"content":{"rendered":"<h1>Offshore spolo\u010dnosti:<\/h1>\n<p><script>\n  (function(i,s,o,g,r,a,m){i['GoogleAnalyticsObject']=r;i[r]=i[r]||function(){\n  (i[r].q=i[r].q||[]).push(arguments)},i[r].l=1*new Date();a=s.createElement(o),\n  m=s.getElementsByTagName(o)[0];a.async=1;a.src=g;m.parentNode.insertBefore(a,m)\n  })(window,document,'script','\/\/www.google-analytics.com\/analytics.js','ga');<\/p>\n<p>  ga('create', 'UA-74936480-1', 'auto');\n  ga('send', 'pageview');<\/p>\n<p><\/script><br \/>\n&nbsp;<\/p>\n<table class=\"int-tbl\" cellspacing=\"0\" cellpadding=\"0\">\n<tfoot>\n<tr>\n<td><\/td>\n<\/tr>\n<\/tfoot>\n<tbody>\n<tr>\n<td><a href=\"https:\/\/fcba-offshore.com\/en\/offshore-company-in-andorra\/\"><img loading=\"lazy\" decoding=\"async\" class=\"alignnone wp-image-369\" src=\"http:\/\/fcba-offshore.com\/wp-content\/uploads\/2014\/06\/Andorre.png\" alt=\"Andorre\" width=\"33\" height=\"20\" \/><\/a> <a class=\"tooltips\" style=\"position: absolute;\" title=\"Andorra je vo svete zn\u00e1ma...\" href=\"https:\/\/fcba-offshore.com\/sk\/offshore-spolocnost-v-andorre\/\">Andorra<\/a><\/td>\n<td><a href=\"https:\/\/fcba-offshore.com\/en\/offshore-company-in-dominica\/\"><img loading=\"lazy\" decoding=\"async\" class=\"alignnone wp-image-347\" src=\"http:\/\/fcba-offshore.com\/wp-content\/uploads\/2014\/06\/Dominique.png\" alt=\"Dominique\" width=\"33\" height=\"20\" \/><\/a><a class=\"tooltips\" style=\"position: absolute;\" title=\"Dominika je ostrov v Karibiku v Atlantickom oce\u00e1ne...\" href=\"https:\/\/fcba-offshore.com\/sk\/offshore-spolocnost-na-dominike\/\"> Dominika<\/a><\/td>\n<td><a href=\"https:\/\/fcba-offshore.com\/en\/offshore-company-in-jersey\/\"><img loading=\"lazy\" decoding=\"async\" class=\"alignnone wp-image-364\" src=\"http:\/\/fcba-offshore.com\/wp-content\/uploads\/2014\/06\/Jersey.png\" alt=\"Jersey\" width=\"33\" height=\"20\" \/><\/a> <a class=\"tooltips\" style=\"position: absolute;\" title=\"Jersey (ofici\u00e1lne pomenovan\u00fd Bailiwick of Jersey) sa nach\u00e1dza...\" href=\"https:\/\/fcba-offshore.com\/sk\/offshore-spolocnost-na-ostrove-jersey\/\">Jersey<\/a><\/td>\n<td><a href=\"https:\/\/fcba-offshore.com\/en\/offshore-company-in-nevis\/\"><img loading=\"lazy\" decoding=\"async\" class=\"alignnone wp-image-365\" src=\"http:\/\/fcba-offshore.com\/wp-content\/uploads\/2014\/06\/Nieves.png\" alt=\"Nieves\" width=\"33\" height=\"20\" \/><\/a> <a class=\"tooltips\" style=\"position: absolute;\" title=\"Ostrov Nevis s popul\u00e1ciou nie\u010do vy\u0161e 12,000 obyvate\u013eov...\" href=\"https:\/\/fcba-offshore.com\/sk\/offshore-spolocnost-na-ostrove-nevis-2\/\">Nevis<\/a><\/td>\n<\/tr>\n<tr>\n<td><a href=\"https:\/\/fcba-offshore.com\/en\/offshore-company-in-bahamas\/\"><img loading=\"lazy\" decoding=\"async\" class=\"alignnone wp-image-362\" src=\"http:\/\/fcba-offshore.com\/wp-content\/uploads\/2014\/06\/Bahamas.png\" alt=\"Bahamas is an island populated by approxiamtely...\" width=\"33\" height=\"20\" \/><\/a> <a class=\"tooltips\" style=\"position: absolute;\" title=\"Bahamy s\u00fa nez\u00e1visl\u00fd \u0161t\u00e1t patriaci do jedn\u00e9ho...\" href=\"https:\/\/fcba-offshore.com\/sk\/offshore-spolocnost-na-bahamach\/\">Bahamy<\/a><\/td>\n<td><a href=\"https:\/\/fcba-offshore.com\/en\/offshore-company-in-dubai\/\"><img loading=\"lazy\" decoding=\"async\" class=\"alignnone wp-image-348\" src=\"http:\/\/fcba-offshore.com\/wp-content\/uploads\/2014\/06\/Dubai.png\" alt=\"Dubai\" width=\"33\" height=\"20\" \/><\/a> <a class=\"tooltips\" style=\"position: absolute;\" title=\"Dubaj je v s\u00fa\u010dasnosti pova\u017eovan\u00fd za jednu z najluxusnej\u0161\u00edch...\" href=\"https:\/\/fcba-offshore.com\/sk\/offshore-spolocnost-v-dubaji\/\">Dubaj<\/a><\/td>\n<td><a href=\"https:\/\/fcba-offshore.com\/en\/offshore-company-in-latvia\/\"><img loading=\"lazy\" decoding=\"async\" class=\"alignnone wp-image-353\" src=\"http:\/\/fcba-offshore.com\/wp-content\/uploads\/2014\/06\/Lettonie.png\" alt=\"Lettonie\" width=\"33\" height=\"20\" \/><\/a> <a class=\"tooltips\" style=\"position: absolute;\" title=\"Loty\u0161sko je spolu s Litvou a Est\u00f3nskom s\u00fa\u010das\u0165ou...\" href=\"https:\/\/fcba-offshore.com\/sk\/offshore-spolocnost-v-lotyssku\/\">Loty\u0161sko<\/a><\/td>\n<td><a href=\"https:\/\/fcba-offshore.com\/en\/offshore-company-in-panama\/\"><img loading=\"lazy\" decoding=\"async\" class=\"alignnone wp-image-366\" src=\"http:\/\/fcba-offshore.com\/wp-content\/uploads\/2014\/06\/Panama.png\" alt=\"Panama\" width=\"33\" height=\"20\" \/><\/a> <a class=\"tooltips\" style=\"position: absolute;\" title=\"Panama je najju\u017enej\u0161ia krajina Strednej Ameriky...\" href=\"https:\/\/fcba-offshore.com\/sk\/offshore-spolocnost-na-paname\/\">Panama<\/a><\/td>\n<\/tr>\n<tr>\n<td><a href=\"https:\/\/fcba-offshore.com\/en\/offshore-company-in-belize\/\"><img loading=\"lazy\" decoding=\"async\" class=\"alignnone wp-image-344\" src=\"http:\/\/fcba-offshore.com\/wp-content\/uploads\/2014\/06\/Belize.png\" alt=\"Belize\" width=\"33\" height=\"20\" \/><\/a> <a class=\"tooltips\" style=\"position: absolute;\" title=\"Belize sa nach\u00e1dza na juhu Mexika...\" href=\"https:\/\/fcba-offshore.com\/sk\/offshore-spolocnost-na-belize\/\">Belize<\/a><\/td>\n<td><a href=\"https:\/\/fcba-offshore.com\/en\/offshore-company-in-gibraltar\/\"><img loading=\"lazy\" decoding=\"async\" class=\"alignnone wp-image-368\" src=\"http:\/\/fcba-offshore.com\/wp-content\/uploads\/2014\/06\/Gibraltar.png\" alt=\"Gibraltar\" width=\"33\" height=\"20\" \/><\/a> <a class=\"tooltips\" style=\"position: absolute;\" title=\"Gibralt\u00e1rska skala (The Rock of Gibraltar) je...\" href=\"https:\/\/fcba-offshore.com\/sk\/offshore-spolocnost-na-gibraltari\/\">Gibralt\u00e1r<\/a><\/td>\n<td><a href=\"https:\/\/fcba-offshore.com\/en\/offshore-company-in-liechtenstein\/\"><img loading=\"lazy\" decoding=\"async\" class=\"alignnone wp-image-342\" src=\"http:\/\/fcba-offshore.com\/wp-content\/uploads\/2014\/06\/Liechtenstein.png\" alt=\"Liechtenstein\" width=\"33\" height=\"20\" \/><\/a> <a class=\"tooltips\" style=\"position: absolute;\" title=\"Lichten\u0161tajnsk\u00e9 kr\u00e1\u013eovstvo je mal\u00e1 alpsk\u00e1 krajina...\" href=\"https:\/\/fcba-offshore.com\/sk\/offshore-spolocnost-v-lichtenstajnsku\/\">Lichten\u0161tajnsko<\/a><\/td>\n<td><a href=\"https:\/\/fcba-offshore.com\/en\/offshore-company-in-seychelles\/\"><img loading=\"lazy\" decoding=\"async\" class=\"alignnone wp-image-357\" src=\"http:\/\/fcba-offshore.com\/wp-content\/uploads\/2014\/06\/Seychelles.png\" alt=\"Seychelles\" width=\"33\" height=\"20\" \/><\/a> <a class=\"tooltips\" style=\"position: absolute;\" title=\"Seychely sa nach\u00e1dzaj\u00fa v Indickom oce\u00e1ne ne\u010faleko...\" href=\"https:\/\/fcba-offshore.com\/sk\/offshore-spolocnost-na-seychelach\/\">Seychely<\/a><\/td>\n<\/tr>\n<tr>\n<td><a href=\"https:\/\/fcba-offshore.com\/en\/offshore-company-in-the-bvi\/\"><img loading=\"lazy\" decoding=\"async\" class=\"alignnone wp-image-352\" src=\"http:\/\/fcba-offshore.com\/wp-content\/uploads\/2014\/06\/Iles-Vierges-Britanniques.png\" alt=\"Iles-Vierges-Britanniques\" width=\"33\" height=\"20\" srcset=\"https:\/\/fcba-offshore.com\/wp-content\/uploads\/2014\/06\/Iles-Vierges-Britanniques.png 75w, https:\/\/fcba-offshore.com\/wp-content\/uploads\/2014\/06\/Iles-Vierges-Britanniques-72x46.png 72w\" sizes=\"auto, (max-width: 33px) 100vw, 33px\" \/><\/a> <a class=\"tooltips\" style=\"position: absolute;\" title=\"Britsk\u00e9 Panensk\u00e9 Ostrovy s\u00fa s\u00fa\u010das\u0165ou Karibsk\u00fdch ostrovov...\" href=\"https:\/\/fcba-offshore.com\/sk\/offshore-spolocnost-na-b-p-o\/\">B.P.O.<\/a><\/td>\n<td><a href=\"https:\/\/fcba-offshore.com\/en\/offshore-company-in-guernsey\/\"><img loading=\"lazy\" decoding=\"async\" class=\"alignnone wp-image-363\" src=\"http:\/\/fcba-offshore.com\/wp-content\/uploads\/2014\/06\/Guernesey.png\" alt=\"Guernesey\" width=\"33\" height=\"20\" \/><\/a> <a class=\"tooltips\" style=\"position: absolute;\" title=\"Ostrov Guernsey (alebo ofici\u00e1lne pomenovan\u00fd Bailiwick of Guernsey)...\" href=\"https:\/\/fcba-offshore.com\/sk\/offshore-spolocnost-na-guernsey\/\">Guernesey<\/a><\/td>\n<td><a href=\"https:\/\/fcba-offshore.com\/en\/offshore-company-in-luxembourg\/\"><img loading=\"lazy\" decoding=\"async\" class=\"alignnone wp-image-354\" src=\"http:\/\/fcba-offshore.com\/wp-content\/uploads\/2014\/06\/Luxembourg.png\" alt=\"Luxembourg\" width=\"33\" height=\"20\" \/><\/a> <a class=\"tooltips\" style=\"position: absolute;\" title=\"Luxembursk\u00e9 ve\u013ekovojvodstvo je malou krajinou...\" href=\"https:\/\/fcba-offshore.com\/sk\/offshore-spolocnost-v-luxembursku\/\">Luxembursko<\/a><\/td>\n<td><a href=\"https:\/\/fcba-offshore.com\/en\/offshore-company-in-singapore\/\"><img loading=\"lazy\" decoding=\"async\" class=\"alignnone wp-image-358\" src=\"http:\/\/fcba-offshore.com\/wp-content\/uploads\/2014\/06\/Singapour.png\" alt=\"Singapour\" width=\"33\" height=\"20\" \/><\/a> <a class=\"tooltips\" style=\"position: absolute;\" title=\"Singapur je mestsk\u00fdm \u0161t\u00e1tom nach\u00e1dzaj\u00facim sa...\" href=\"https:\/\/fcba-offshore.com\/sk\/offshore-spolocnost-v-singapure\/\">Singapur<\/a><\/td>\n<\/tr>\n<tr>\n<td><a href=\"https:\/\/fcba-offshore.com\/en\/offshore-company-in-the-cayman-islands\/\"><img loading=\"lazy\" decoding=\"async\" class=\"alignnone wp-image-343\" src=\"http:\/\/fcba-offshore.com\/wp-content\/uploads\/2014\/06\/Iles-Caimans.png\" alt=\"Iles-Caimans\" width=\"33\" height=\"20\" \/><\/a> <a class=\"tooltips\" style=\"position: absolute;\" title=\"Kajmansk\u00e9 ostrovy patria do s\u00faostrovia Karibsk\u00e9ho mora...\" href=\"https:\/\/fcba-offshore.com\/sk\/offshore-spolocnost-na-kaymanskych-ostrovoch\/\">Kajmansk\u00e9 ostrovy<\/a><\/td>\n<td><a href=\"https:\/\/fcba-offshore.com\/en\/offshore-company-in-hong-kong\/\"><img loading=\"lazy\" decoding=\"async\" class=\"alignnone wp-image-349\" src=\"http:\/\/fcba-offshore.com\/wp-content\/uploads\/2014\/06\/Hong-Kong.png\" alt=\"Hong-Kong\" width=\"33\" height=\"20\" \/><\/a> <a class=\"tooltips\" style=\"position: absolute;\" title=\"Hongkong je pova\u017eovan\u00fd za hlavn\u00e9 finan\u010dn\u00e9 centrum...\" href=\"https:\/\/fcba-offshore.com\/sk\/offshore-spolocnost-v-hongkongu\/\">Hongkong<\/a><\/td>\n<td><a href=\"https:\/\/fcba-offshore.com\/en\/offshore-company-in-malta\/\"><img loading=\"lazy\" decoding=\"async\" class=\"alignnone wp-image-355\" src=\"http:\/\/fcba-offshore.com\/wp-content\/uploads\/2014\/06\/Malte.png\" alt=\"Malte\" width=\"33\" height=\"20\" \/><\/a> <a class=\"tooltips\" style=\"position: absolute;\" title=\"Malta je ostrovom Stredozemn\u00e9ho mora hne\u010f ved\u013ea Sic\u00edlie...\" href=\"https:\/\/fcba-offshore.com\/sk\/offshore-spolocnost-na-malte\/\">Malta<\/a><\/td>\n<td><a href=\"https:\/\/fcba-offshore.com\/en\/offshore-company-in-switzerland\/\"><img loading=\"lazy\" decoding=\"async\" class=\"alignnone wp-image-359\" src=\"http:\/\/fcba-offshore.com\/wp-content\/uploads\/2014\/06\/Suisse.png\" alt=\"Suisse\" width=\"33\" height=\"20\" \/><\/a> <a class=\"tooltips\" style=\"position: absolute;\" title=\"\u0160vaj\u010diarsko, krajinu nach\u00e1dzaj\u00facu sa v z\u00e1padnej Eur\u00f3pe...\" href=\"https:\/\/fcba-offshore.com\/sk\/offshore-spolocnost-vo-svajciarsku\/\">\u0160vaj\u010diarsko<\/a><\/td>\n<\/tr>\n<tr>\n<td><a href=\"https:\/\/fcba-offshore.com\/en\/offshore-company-in-cyprus\/\"><img loading=\"lazy\" decoding=\"async\" class=\"alignnone wp-image-345\" src=\"http:\/\/fcba-offshore.com\/wp-content\/uploads\/2014\/06\/Chypre.png\" alt=\"Chypre\" width=\"33\" height=\"20\" \/><\/a> <a class=\"tooltips\" style=\"position: absolute;\" title=\"Cyprus je ostrov vo v\u00fdchodnej \u010dasti Stredozemn\u00e9ho mora ...\" href=\"https:\/\/fcba-offshore.com\/sk\/offshore-spolocnost-na-cypre\/\">Cyprus<\/a><\/td>\n<td><a href=\"https:\/\/fcba-offshore.com\/en\/offshore-company-in-ireland\/\"><img loading=\"lazy\" decoding=\"async\" class=\"alignnone wp-image-367\" src=\"http:\/\/fcba-offshore.com\/wp-content\/uploads\/2014\/06\/Irelande.png\" alt=\"\u00cdrsko\" width=\"33\" height=\"20\" \/><\/a> <a class=\"tooltips\" style=\"position: absolute;\" title=\"Pravdepodobne nie je potreba predstavova\u0165 \u00cdrsko...\" href=\"https:\/\/fcba-offshore.com\/sk\/offshore-spolocnost-v-irsku\/\">\u00cdrsko<\/a><\/td>\n<td><a href=\"https:\/\/fcba-offshore.com\/en\/offshore-company-in-mauritius\/\"><img loading=\"lazy\" decoding=\"async\" class=\"alignnone wp-image-351\" src=\"http:\/\/fcba-offshore.com\/wp-content\/uploads\/2014\/06\/Ile-Maurice.png\" alt=\"Ile-Maurice\" width=\"33\" height=\"20\" \/><\/a> <a class=\"tooltips\" style=\"position: absolute;\" title=\"Maur\u00edcius alebo Maur\u00edcijsk\u00e1 republika je v prvom rade\" href=\"https:\/\/fcba-offshore.com\/sk\/offshore-spolocnost-na-ostrove-mauricius\/\">Maur\u00edcius<\/a><\/td>\n<td><a href=\"https:\/\/fcba-offshore.com\/en\/offshore-company-in-vanuatu\/\"><img loading=\"lazy\" decoding=\"async\" class=\"alignnone wp-image-360\" src=\"http:\/\/fcba-offshore.com\/wp-content\/uploads\/2014\/06\/Vanuatu.png\" alt=\"Vanuatu\" width=\"33\" height=\"20\" \/><\/a> <a class=\"tooltips\" style=\"position: absolute;\" title=\"Vanuatu je s\u00faostrovie nach\u00e1dzaj\u00face sa v Oce\u00e1nii...\" href=\"https:\/\/fcba-offshore.com\/sk\/offshore-spolocnost-na-vanuatu\/\">Vanuatu<\/a><\/td>\n<\/tr>\n<tr>\n<td><a href=\"https:\/\/fcba-offshore.com\/en\/offshore-company-in-delaware\/\"><img loading=\"lazy\" decoding=\"async\" class=\"alignnone wp-image-346\" src=\"http:\/\/fcba-offshore.com\/wp-content\/uploads\/2014\/06\/Delaware.png\" alt=\"Delaware\" width=\"33\" height=\"20\" \/><\/a> <a class=\"tooltips\" style=\"position: absolute;\" title=\"\u0160t\u00e1t Delaware je s\u00fa\u010das\u0165ou Spojen\u00fdch \u0161t\u00e1tov americk\u00fdch...\" href=\"https:\/\/fcba-offshore.com\/sk\/offshore-spolocnost-v-delaware\/\">Delaware<\/a><\/td>\n<td><a href=\"https:\/\/fcba-offshore.com\/en\/offshore-company-in-the-isle-of-man\/\"><img loading=\"lazy\" decoding=\"async\" class=\"alignnone wp-image-350\" src=\"http:\/\/fcba-offshore.com\/wp-content\/uploads\/2014\/06\/Ile-de-Man.png\" alt=\"Ile-de-Man\" width=\"33\" height=\"20\" \/><\/a> <a class=\"tooltips\" style=\"position: absolute;\" title=\"Ostrov Man (The Isle of Man) je v Eur\u00f3pe pomerne zn\u00e1my...\" href=\"https:\/\/fcba-offshore.com\/sk\/offshore-spolocnost-na-ostrove-man\/\">Ostrov Man<\/a><\/td>\n<td><a href=\"https:\/\/fcba-offshore.com\/en\/offshore-company-in-monaco\/\"><img loading=\"lazy\" decoding=\"async\" class=\"alignnone wp-image-356\" src=\"http:\/\/fcba-offshore.com\/wp-content\/uploads\/2014\/06\/Monaco.png\" alt=\"Monaco is a principality and an exclusive offshore destination...\" width=\"33\" height=\"20\" \/><\/a> <a class=\"tooltips\" style=\"position: absolute;\" title=\"Monack\u00e9 knie\u017eatstvo je vo svete zn\u00e1me ako destin\u00e1cia...\" href=\"https:\/\/fcba-offshore.com\/sk\/offshore-spolocnost-v-monaku\/\">Monako<\/a><\/td>\n<td><a class=\"tooltips\" style=\"position: absolute;\" title=\"Ostatn\u00e9 offshore jurisdikcie...\" href=\"https:\/\/fcba-offshore.com\/sk\/ostatne-offshore-jurisdikcie\/\">Ostatn\u00e9 offshore jurisdikcie<\/a><\/td>\n<\/tr>\n<\/tbody>\n<\/table>\n<p>&nbsp;<\/p>\n<h2 style=\"text-align: justify;\">V\u00fdhody:<\/h2>\n<p style=\"text-align: justify;\">Samozrejme, ka\u017ed\u00e1 z vy\u0161\u0161ie uveden\u00fdch <a href=\"https:\/\/fcba-offshore.com\/sk\/offshore-jurisdictions-2\/\">offshore jurisdikci\u00ed<\/a> m\u00e1 in\u00e9 v\u00fdhody, ale v ka\u017edom pr\u00edpade v\u010faka sk\u00fasenostiam, prepojeniam a znalostiam offshore podnikania, odborn\u00edci z <a href=\"https:\/\/fcba-offshore.com\/sk\/\">FCBA Offshore Ltd<\/a> pon\u00fakaj\u00fa poradenstvo a podporu pri z\u00e1ujme o zalo\u017eenie <a href=\"https:\/\/fcba-offshore.com\/sk\/offshore-companies-2\/\">offshore spolo\u010dnosti<\/a> v s\u00falade s va\u0161im profilom a offshore strat\u00e9giou. Ak chcete \u00faplne pochopi\u0165 va\u0161u moment\u00e1lnu osobn\u00fa alebo profesijn\u00fa situ\u00e1ciu, tak na to aby sme v\u00e1m vedeli pon\u00faknu\u0165 adekv\u00e1tne rie\u0161enie a odpovede na va\u0161e ot\u00e1zky, <a href=\"https:\/\/fcba-offshore.com\/sk\/kontakt\/\">skontaktujte sa s jedn\u00fdm z na\u0161ich odborn\u00edkov<\/a>, s ktor\u00fdm prediskutujete a zadefinujete offshore produkty a slu\u017eby pod\u013ea va\u0161ich o\u010dak\u00e1van\u00ed.<\/p>\n<p style=\"text-align: justify;\"><a href=\"https:\/\/fcba-offshore.com\/sk\/offshore-spolocnosti\/\">Offshore spolo\u010dnosti<\/a> a ich hlavn\u00e9 pr\u00ednosy:<\/p>\n<ul style=\"text-align: justify;\">\n<li>Vysok\u00fd stupe\u0148 d\u00f4veryhodnosti (neozn\u00e1menie toto\u017enosti majite\u013eov podnikov)<\/li>\n<li>Programy s n\u00edzkym da\u0148ov\u00fdm za\u0165a\u017een\u00edm (zvy\u010dajne \u017eiadny zisk po zdanen\u00ed)<\/li>\n<li>Ve\u013emi n\u00edzke po\u010diato\u010dn\u00e9 n\u00e1klady a ve\u013emi v\u00fdhodn\u00e9 spr\u00e1vne poplatky<\/li>\n<\/ul>\n<h3 style=\"text-align: justify;\"><a href=\"https:\/\/fcba-offshore.com\/sk\/offshore-spolocnosti\/\">Offshore spolo\u010dnosti<\/a> a dodato\u010dn\u00e9 slu\u017eby <a href=\"https:\/\/fcba-offshore.com\/sk\/\">FCBA Offshore Ltd<\/a>:<\/h3>\n<ul style=\"text-align: justify;\">\n<li>N\u00e1\u0161 t\u00edm sa postar\u00e1 o v\u0161etky administrat\u00edvne z\u00e1le\u017eitosti t\u00fdkaj\u00face sa zalo\u017eenia va\u0161ej <a href=\"https:\/\/fcba-offshore.com\/sk\/offshore-companies-2\/\">offshore spolo\u010dnosti<\/a><\/li>\n<li>\u00da\u010dtovn\u00edctvo a administrat\u00edvna podpora vo veden\u00ed va\u0161ej offshore spolo\u010dnosti (vr\u00e1tane ukladania v\u0161etk\u00fdch d\u00f4vern\u00fdch dokumentov)<\/li>\n<li>Otvorenie v\u00e1\u0161ho firemn\u00e9ho <a href=\"https:\/\/fcba-offshore.com\/sk\/offshore-bank-account-2\/\">offshore bankov\u00e9ho \u00fa\u010dtu<\/a> prepojen\u00e9ho s va\u0161ou <a href=\"&lt;a href=\">Offshore spolo\u010dnos\u0165<\/a> a&#8220;&gt;offshore spolo\u010dnos\u0165ou<\/li>\n<li>Podpora pri tvorbe va\u0161ej profesion\u00e1lnej webovej str\u00e1nky s efekt\u00edvnymi a praktick\u00fdmi online platobn\u00fdmi rie\u0161eniami<\/li>\n<\/ul>\n<h3 style=\"text-align: justify;\"><span style=\"color: #ff0000;\">A TO V\u0160ETKO BEZ TOHO ABY STE SA MUSELI NIEKAM S\u0164AHOVA\u0164!<\/span><\/h3>\n<p>&nbsp;<\/p>\n<h2 style=\"text-align: justify;\">N\u00e1klady a poplatky:<\/h2>\n<p style=\"text-align: justify;\">N\u00e1klady a poplatky bud\u00fa z\u00e1visie\u0165 od konkr\u00e9tneho offshore rie\u0161enia, va\u0161ej situ\u00e1cie, va\u0161ich po\u017eiadaviek a potrieb. Aby ste mali aspo\u0148 ak\u00fa tak\u00fa predstavu, ko\u013eko v\u00e1s vyjde offshore rie\u0161enie, odpor\u00fa\u010dame v\u00e1m pre\u0161tudova\u0165 si na\u0161u str\u00e1nku o pr\u00edpadov\u00fdch \u0161t\u00fadi\u00e1ch.<\/p>\n<p>&nbsp;<\/p>\n<p style=\"text-align: justify;\">Ak budete potrebova\u0165 ak\u00e9ko\u013evek \u010fal\u0161ie inform\u00e1cie, nev\u00e1hajte a <a href=\"https:\/\/fcba-offshore.com\/sk\/kontakt\/\">kontaktujte \u010dlenov t\u00edmu spolo\u010dnosti FCBA Offshore<\/a>.<\/p>\n<p>&nbsp;<\/p>\n<p style=\"text-align: justify;\"><a href=\"http:\/\/fcba-offshore.com\/wp-content\/uploads\/2014\/06\/logo-small.png\"><img loading=\"lazy\" decoding=\"async\" class=\"alignnone size-full wp-image-479\" src=\"http:\/\/fcba-offshore.com\/wp-content\/uploads\/2014\/06\/logo-small.png\" alt=\"Logo offshore small\" width=\"142\" height=\"31\" \/><\/a><\/p>\n","protected":false},"excerpt":{"rendered":"<p>Offshore spolo\u010dnosti: &nbsp; Andorra Dominika Jersey Nevis Bahamy Dubaj Loty\u0161sko Panama Belize Gibralt\u00e1r Lichten\u0161tajnsko Seychely B.P.O. Guernesey Luxembursko Singapur Kajmansk\u00e9 ostrovy Hongkong Malta \u0160vaj\u010diarsko Cyprus \u00cdrsko Maur\u00edcius Vanuatu Delaware Ostrov Man Monako Ostatn\u00e9 offshore jurisdikcie &nbsp; V\u00fdhody: Samozrejme, ka\u017ed\u00e1 z vy\u0161\u0161ie uveden\u00fdch offshore jurisdikci\u00ed m\u00e1 in\u00e9 v\u00fdhody, ale v ka\u017edom pr\u00edpade v\u010faka sk\u00fasenostiam, prepojeniam a&hellip;<\/p>\n","protected":false},"author":1,"featured_media":0,"parent":0,"menu_order":0,"comment_status":"closed","ping_status":"open","template":"","meta":{"footnotes":""},"class_list":["post-1866","page","type-page","status-publish","hentry"],"_links":{"self":[{"href":"https:\/\/fcba-offshore.com\/sk\/wp-json\/wp\/v2\/pages\/1866","targetHints":{"allow":["GET"]}}],"collection":[{"href":"https:\/\/fcba-offshore.com\/sk\/wp-json\/wp\/v2\/pages"}],"about":[{"href":"https:\/\/fcba-offshore.com\/sk\/wp-json\/wp\/v2\/types\/page"}],"author":[{"embeddable":true,"href":"https:\/\/fcba-offshore.com\/sk\/wp-json\/wp\/v2\/users\/1"}],"replies":[{"embeddable":true,"href":"https:\/\/fcba-offshore.com\/sk\/wp-json\/wp\/v2\/comments?post=1866"}],"version-history":[{"count":27,"href":"https:\/\/fcba-offshore.com\/sk\/wp-json\/wp\/v2\/pages\/1866\/revisions"}],"predecessor-version":[{"id":3012,"href":"https:\/\/fcba-offshore.com\/sk\/wp-json\/wp\/v2\/pages\/1866\/revisions\/3012"}],"wp:attachment":[{"href":"https:\/\/fcba-offshore.com\/sk\/wp-json\/wp\/v2\/media?parent=1866"}],"curies":[{"name":"wp","href":"https:\/\/api.w.org\/{rel}","templated":true}]}}