{"id":1871,"date":"2015-12-11T09:38:44","date_gmt":"2015-12-11T09:38:44","guid":{"rendered":"http:\/\/fcba-offshore.com\/?page_id=1871"},"modified":"2022-11-15T15:50:29","modified_gmt":"2022-11-15T15:50:29","slug":"offshore-jurisdikcie","status":"publish","type":"page","link":"https:\/\/fcba-offshore.com\/sk\/offshore-jurisdikcie\/","title":{"rendered":"Offshore Jurisdikcie"},"content":{"rendered":"<h1>Offshore jurisdikcie:<\/h1>\n<p><!-- Google tag (gtag.js) --><br \/>\n<script async src=\"https:\/\/www.googletagmanager.com\/gtag\/js?id=UA-74936480-1\"><\/script><br \/>\n<script>\n  window.dataLayer = window.dataLayer || [];\n  function gtag(){dataLayer.push(arguments);}\n  gtag('js', new Date());<\/p>\n<p>  gtag('config', 'UA-74936480-1');\n<\/script><br \/>\n&nbsp;<\/p>\n<table class=\"int-tbl\" cellspacing=\"0\" cellpadding=\"0\">\n<tfoot>\n<tr>\n<td><\/td>\n<\/tr>\n<\/tfoot>\n<tbody>\n<tr>\n<td><a href=\"https:\/\/fcba-offshore.com\/en\/offshore-company-in-andorra\/\"><img loading=\"lazy\" decoding=\"async\" class=\"alignnone wp-image-369\" src=\"http:\/\/fcba-offshore.com\/wp-content\/uploads\/2014\/06\/Andorre.png\" alt=\"Andorre\" width=\"33\" height=\"20\" \/><\/a> <a class=\"tooltips\" style=\"position: absolute;\" title=\"Andorra je vo svete zn\u00e1ma...\" href=\"https:\/\/fcba-offshore.com\/sk\/offshore-spolocnost-v-andorre\/\">Andorra<\/a><\/td>\n<td><a href=\"https:\/\/fcba-offshore.com\/en\/offshore-company-in-dominica\/\"><img loading=\"lazy\" decoding=\"async\" class=\"alignnone wp-image-347\" src=\"http:\/\/fcba-offshore.com\/wp-content\/uploads\/2014\/06\/Dominique.png\" alt=\"Dominique\" width=\"33\" height=\"20\" \/><\/a><a class=\"tooltips\" style=\"position: absolute;\" title=\"Dominika je ostrov v Karibiku v Atlantickom oce\u00e1ne...\" href=\"https:\/\/fcba-offshore.com\/sk\/offshore-spolocnost-na-dominike\/\"> Dominika<\/a><\/td>\n<td><a href=\"https:\/\/fcba-offshore.com\/en\/offshore-company-in-jersey\/\"><img loading=\"lazy\" decoding=\"async\" class=\"alignnone wp-image-364\" src=\"http:\/\/fcba-offshore.com\/wp-content\/uploads\/2014\/06\/Jersey.png\" alt=\"Jersey\" width=\"33\" height=\"20\" \/><\/a> <a class=\"tooltips\" style=\"position: absolute;\" title=\"Jersey (ofici\u00e1lne pomenovan\u00fd Bailiwick of Jersey) sa nach\u00e1dza...\" href=\"https:\/\/fcba-offshore.com\/sk\/offshore-spolocnost-na-ostrove-jersey\/\">Jersey<\/a><\/td>\n<td><a href=\"https:\/\/fcba-offshore.com\/en\/offshore-company-in-nevis\/\"><img loading=\"lazy\" decoding=\"async\" class=\"alignnone wp-image-365\" src=\"http:\/\/fcba-offshore.com\/wp-content\/uploads\/2014\/06\/Nieves.png\" alt=\"Nieves\" width=\"33\" height=\"20\" \/><\/a> <a class=\"tooltips\" style=\"position: absolute;\" title=\"Ostrov Nevis s popul\u00e1ciou nie\u010do vy\u0161e 12,000 obyvate\u013eov...\" href=\"https:\/\/fcba-offshore.com\/sk\/offshore-spolocnost-na-ostrove-nevis-2\/\">Nevis<\/a><\/td>\n<\/tr>\n<tr>\n<td><a href=\"https:\/\/fcba-offshore.com\/en\/offshore-company-in-bahamas\/\"><img loading=\"lazy\" decoding=\"async\" class=\"alignnone wp-image-362\" src=\"http:\/\/fcba-offshore.com\/wp-content\/uploads\/2014\/06\/Bahamas.png\" alt=\"Bahamas is an island populated by approxiamtely...\" width=\"33\" height=\"20\" \/><\/a> <a class=\"tooltips\" style=\"position: absolute;\" title=\"Bahamy s\u00fa nez\u00e1visl\u00fd \u0161t\u00e1t patriaci do jedn\u00e9ho...\" href=\"https:\/\/fcba-offshore.com\/sk\/offshore-spolocnost-na-bahamach\/\">Bahamy<\/a><\/td>\n<td><a href=\"https:\/\/fcba-offshore.com\/en\/offshore-company-in-dubai\/\"><img loading=\"lazy\" decoding=\"async\" class=\"alignnone wp-image-348\" src=\"http:\/\/fcba-offshore.com\/wp-content\/uploads\/2014\/06\/Dubai.png\" alt=\"Dubai\" width=\"33\" height=\"20\" \/><\/a> <a class=\"tooltips\" style=\"position: absolute;\" title=\"Dubaj je v s\u00fa\u010dasnosti pova\u017eovan\u00fd za jednu z najluxusnej\u0161\u00edch...\" href=\"https:\/\/fcba-offshore.com\/sk\/offshore-spolocnost-v-dubaji\/\">Dubaj<\/a><\/td>\n<td><a href=\"https:\/\/fcba-offshore.com\/en\/offshore-company-in-latvia\/\"><img loading=\"lazy\" decoding=\"async\" class=\"alignnone wp-image-353\" src=\"http:\/\/fcba-offshore.com\/wp-content\/uploads\/2014\/06\/Lettonie.png\" alt=\"Lettonie\" width=\"33\" height=\"20\" \/><\/a> <a class=\"tooltips\" style=\"position: absolute;\" title=\"Loty\u0161sko je spolu s Litvou a Est\u00f3nskom s\u00fa\u010das\u0165ou...\" href=\"https:\/\/fcba-offshore.com\/sk\/offshore-spolocnost-v-lotyssku\/\">Loty\u0161sko<\/a><\/td>\n<td><a href=\"https:\/\/fcba-offshore.com\/en\/offshore-company-in-panama\/\"><img loading=\"lazy\" decoding=\"async\" class=\"alignnone wp-image-366\" src=\"http:\/\/fcba-offshore.com\/wp-content\/uploads\/2014\/06\/Panama.png\" alt=\"Panama\" width=\"33\" height=\"20\" \/><\/a> <a class=\"tooltips\" style=\"position: absolute;\" title=\"Panama je najju\u017enej\u0161ia krajina Strednej Ameriky...\" href=\"https:\/\/fcba-offshore.com\/sk\/offshore-spolocnost-na-paname\/\">Panama<\/a><\/td>\n<\/tr>\n<tr>\n<td><a href=\"https:\/\/fcba-offshore.com\/en\/offshore-company-in-belize\/\"><img loading=\"lazy\" decoding=\"async\" class=\"alignnone wp-image-344\" src=\"http:\/\/fcba-offshore.com\/wp-content\/uploads\/2014\/06\/Belize.png\" alt=\"Belize\" width=\"33\" height=\"20\" \/><\/a> <a class=\"tooltips\" style=\"position: absolute;\" title=\"Belize sa nach\u00e1dza na juhu Mexika...\" href=\"https:\/\/fcba-offshore.com\/sk\/offshore-spolocnost-na-belize\/\">Belize<\/a><\/td>\n<td><a href=\"https:\/\/fcba-offshore.com\/en\/offshore-company-in-gibraltar\/\"><img loading=\"lazy\" decoding=\"async\" class=\"alignnone wp-image-368\" src=\"http:\/\/fcba-offshore.com\/wp-content\/uploads\/2014\/06\/Gibraltar.png\" alt=\"Gibraltar\" width=\"33\" height=\"20\" \/><\/a> <a class=\"tooltips\" style=\"position: absolute;\" title=\"Gibralt\u00e1rska skala (The Rock of Gibraltar) je...\" href=\"https:\/\/fcba-offshore.com\/sk\/offshore-spolocnost-na-gibraltari\/\">Gibralt\u00e1r<\/a><\/td>\n<td><a href=\"https:\/\/fcba-offshore.com\/en\/offshore-company-in-liechtenstein\/\"><img loading=\"lazy\" decoding=\"async\" class=\"alignnone wp-image-342\" src=\"http:\/\/fcba-offshore.com\/wp-content\/uploads\/2014\/06\/Liechtenstein.png\" alt=\"Liechtenstein\" width=\"33\" height=\"20\" \/><\/a> <a class=\"tooltips\" style=\"position: absolute;\" title=\"Lichten\u0161tajnsk\u00e9 kr\u00e1\u013eovstvo je mal\u00e1 alpsk\u00e1 krajina...\" href=\"https:\/\/fcba-offshore.com\/sk\/offshore-spolocnost-v-lichtenstajnsku\/\">Lichten\u0161tajnsko<\/a><\/td>\n<td><a href=\"https:\/\/fcba-offshore.com\/en\/offshore-company-in-seychelles\/\"><img loading=\"lazy\" decoding=\"async\" class=\"alignnone wp-image-357\" src=\"http:\/\/fcba-offshore.com\/wp-content\/uploads\/2014\/06\/Seychelles.png\" alt=\"Seychelles\" width=\"33\" height=\"20\" \/><\/a> <a class=\"tooltips\" style=\"position: absolute;\" title=\"Seychely sa nach\u00e1dzaj\u00fa v Indickom oce\u00e1ne ne\u010faleko...\" href=\"https:\/\/fcba-offshore.com\/sk\/offshore-spolocnost-na-seychelach\/\">Seychely<\/a><\/td>\n<\/tr>\n<tr>\n<td><a href=\"https:\/\/fcba-offshore.com\/en\/offshore-company-in-the-bvi\/\"><img loading=\"lazy\" decoding=\"async\" class=\"alignnone wp-image-352\" src=\"http:\/\/fcba-offshore.com\/wp-content\/uploads\/2014\/06\/Iles-Vierges-Britanniques.png\" alt=\"Iles-Vierges-Britanniques\" width=\"33\" height=\"20\" srcset=\"https:\/\/fcba-offshore.com\/wp-content\/uploads\/2014\/06\/Iles-Vierges-Britanniques.png 75w, https:\/\/fcba-offshore.com\/wp-content\/uploads\/2014\/06\/Iles-Vierges-Britanniques-72x46.png 72w\" sizes=\"auto, (max-width: 33px) 100vw, 33px\" \/><\/a> <a class=\"tooltips\" style=\"position: absolute;\" title=\"Britsk\u00e9 Panensk\u00e9 Ostrovy s\u00fa s\u00fa\u010das\u0165ou Karibsk\u00fdch ostrovov...\" href=\"https:\/\/fcba-offshore.com\/sk\/offshore-spolocnost-na-b-p-o\/\">B.P.O.<\/a><\/td>\n<td><a href=\"https:\/\/fcba-offshore.com\/en\/offshore-company-in-guernsey\/\"><img loading=\"lazy\" decoding=\"async\" class=\"alignnone wp-image-363\" src=\"http:\/\/fcba-offshore.com\/wp-content\/uploads\/2014\/06\/Guernesey.png\" alt=\"Guernesey\" width=\"33\" height=\"20\" \/><\/a> <a class=\"tooltips\" style=\"position: absolute;\" title=\"Ostrov Guernsey (alebo ofici\u00e1lne pomenovan\u00fd Bailiwick of Guernsey)...\" href=\"https:\/\/fcba-offshore.com\/sk\/offshore-spolocnost-na-guernsey\/\">Guernesey<\/a><\/td>\n<td><a href=\"https:\/\/fcba-offshore.com\/en\/offshore-company-in-luxembourg\/\"><img loading=\"lazy\" decoding=\"async\" class=\"alignnone wp-image-354\" src=\"http:\/\/fcba-offshore.com\/wp-content\/uploads\/2014\/06\/Luxembourg.png\" alt=\"Luxembourg\" width=\"33\" height=\"20\" \/><\/a> <a class=\"tooltips\" style=\"position: absolute;\" title=\"Luxembursk\u00e9 ve\u013ekovojvodstvo je malou krajinou...\" href=\"https:\/\/fcba-offshore.com\/sk\/offshore-spolocnost-v-luxembursku\/\">Luxembursko<\/a><\/td>\n<td><a href=\"https:\/\/fcba-offshore.com\/en\/offshore-company-in-singapore\/\"><img loading=\"lazy\" decoding=\"async\" class=\"alignnone wp-image-358\" src=\"http:\/\/fcba-offshore.com\/wp-content\/uploads\/2014\/06\/Singapour.png\" alt=\"Singapour\" width=\"33\" height=\"20\" \/><\/a> <a class=\"tooltips\" style=\"position: absolute;\" title=\"Singapur je mestsk\u00fdm \u0161t\u00e1tom nach\u00e1dzaj\u00facim sa...\" href=\"https:\/\/fcba-offshore.com\/sk\/offshore-spolocnost-v-singapure\/\">Singapur<\/a><\/td>\n<\/tr>\n<tr>\n<td><a href=\"https:\/\/fcba-offshore.com\/en\/offshore-company-in-the-cayman-islands\/\"><img loading=\"lazy\" decoding=\"async\" class=\"alignnone wp-image-343\" src=\"http:\/\/fcba-offshore.com\/wp-content\/uploads\/2014\/06\/Iles-Caimans.png\" alt=\"Iles-Caimans\" width=\"33\" height=\"20\" \/><\/a> <a class=\"tooltips\" style=\"position: absolute;\" title=\"Kajmansk\u00e9 ostrovy patria do s\u00faostrovia Karibsk\u00e9ho mora...\" href=\"https:\/\/fcba-offshore.com\/sk\/offshore-spolocnost-na-kaymanskych-ostrovoch\/\">Kajmansk\u00e9 ostrovy<\/a><\/td>\n<td><a href=\"https:\/\/fcba-offshore.com\/en\/offshore-company-in-hong-kong\/\"><img loading=\"lazy\" decoding=\"async\" class=\"alignnone wp-image-349\" src=\"http:\/\/fcba-offshore.com\/wp-content\/uploads\/2014\/06\/Hong-Kong.png\" alt=\"Hong-Kong\" width=\"33\" height=\"20\" \/><\/a> <a class=\"tooltips\" style=\"position: absolute;\" title=\"Hongkong je pova\u017eovan\u00fd za hlavn\u00e9 finan\u010dn\u00e9 centrum...\" href=\"https:\/\/fcba-offshore.com\/sk\/offshore-spolocnost-v-hongkongu\/\">Hongkong<\/a><\/td>\n<td><a href=\"https:\/\/fcba-offshore.com\/en\/offshore-company-in-malta\/\"><img loading=\"lazy\" decoding=\"async\" class=\"alignnone wp-image-355\" src=\"http:\/\/fcba-offshore.com\/wp-content\/uploads\/2014\/06\/Malte.png\" alt=\"Malte\" width=\"33\" height=\"20\" \/><\/a> <a class=\"tooltips\" style=\"position: absolute;\" title=\"Malta je ostrovom Stredozemn\u00e9ho mora hne\u010f ved\u013ea Sic\u00edlie...\" href=\"https:\/\/fcba-offshore.com\/sk\/offshore-spolocnost-na-malte\/\">Malta<\/a><\/td>\n<td><a href=\"https:\/\/fcba-offshore.com\/en\/offshore-company-in-switzerland\/\"><img loading=\"lazy\" decoding=\"async\" class=\"alignnone wp-image-359\" src=\"http:\/\/fcba-offshore.com\/wp-content\/uploads\/2014\/06\/Suisse.png\" alt=\"Suisse\" width=\"33\" height=\"20\" \/><\/a> <a class=\"tooltips\" style=\"position: absolute;\" title=\"\u0160vaj\u010diarsko, krajinu nach\u00e1dzaj\u00facu sa v z\u00e1padnej Eur\u00f3pe...\" href=\"https:\/\/fcba-offshore.com\/sk\/offshore-spolocnost-vo-svajciarsku\/\">\u0160vaj\u010diarsko<\/a><\/td>\n<\/tr>\n<tr>\n<td><a href=\"https:\/\/fcba-offshore.com\/en\/offshore-company-in-cyprus\/\"><img loading=\"lazy\" decoding=\"async\" class=\"alignnone wp-image-345\" src=\"http:\/\/fcba-offshore.com\/wp-content\/uploads\/2014\/06\/Chypre.png\" alt=\"Chypre\" width=\"33\" height=\"20\" \/><\/a> <a class=\"tooltips\" style=\"position: absolute;\" title=\"Cyprus je ostrov vo v\u00fdchodnej \u010dasti Stredozemn\u00e9ho mora ...\" href=\"https:\/\/fcba-offshore.com\/sk\/offshore-spolocnost-na-cypre\/\">Cyprus<\/a><\/td>\n<td><a href=\"https:\/\/fcba-offshore.com\/en\/offshore-company-in-ireland\/\"><img loading=\"lazy\" decoding=\"async\" class=\"alignnone wp-image-367\" src=\"http:\/\/fcba-offshore.com\/wp-content\/uploads\/2014\/06\/Irelande.png\" alt=\"\u00cdrsko\" width=\"33\" height=\"20\" \/><\/a> <a class=\"tooltips\" style=\"position: absolute;\" title=\"Pravdepodobne nie je potreba predstavova\u0165 \u00cdrsko...\" href=\"https:\/\/fcba-offshore.com\/sk\/offshore-spolocnost-v-irsku\/\">\u00cdrsko<\/a><\/td>\n<td><a href=\"https:\/\/fcba-offshore.com\/en\/offshore-company-in-mauritius\/\"><img loading=\"lazy\" decoding=\"async\" class=\"alignnone wp-image-351\" src=\"http:\/\/fcba-offshore.com\/wp-content\/uploads\/2014\/06\/Ile-Maurice.png\" alt=\"Ile-Maurice\" width=\"33\" height=\"20\" \/><\/a> <a class=\"tooltips\" style=\"position: absolute;\" title=\"Maur\u00edcius alebo Maur\u00edcijsk\u00e1 republika je v prvom rade\" href=\"https:\/\/fcba-offshore.com\/sk\/offshore-spolocnost-na-ostrove-mauricius\/\">Maur\u00edcius<\/a><\/td>\n<td><a href=\"https:\/\/fcba-offshore.com\/en\/offshore-company-in-vanuatu\/\"><img loading=\"lazy\" decoding=\"async\" class=\"alignnone wp-image-360\" src=\"http:\/\/fcba-offshore.com\/wp-content\/uploads\/2014\/06\/Vanuatu.png\" alt=\"Vanuatu\" width=\"33\" height=\"20\" \/><\/a> <a class=\"tooltips\" style=\"position: absolute;\" title=\"Vanuatu je s\u00faostrovie nach\u00e1dzaj\u00face sa v Oce\u00e1nii...\" href=\"https:\/\/fcba-offshore.com\/sk\/offshore-spolocnost-na-vanuatu\/\">Vanuatu<\/a><\/td>\n<\/tr>\n<tr>\n<td><a href=\"https:\/\/fcba-offshore.com\/en\/offshore-company-in-delaware\/\"><img loading=\"lazy\" decoding=\"async\" class=\"alignnone wp-image-346\" src=\"http:\/\/fcba-offshore.com\/wp-content\/uploads\/2014\/06\/Delaware.png\" alt=\"Delaware\" width=\"33\" height=\"20\" \/><\/a> <a class=\"tooltips\" style=\"position: absolute;\" title=\"The state of Delaware is part of the United States of America...\" href=\"https:\/\/fcba-offshore.com\/sk\/offshore-spolocnost-v-delaware\/\">Delaware<\/a><\/td>\n<td><a href=\"https:\/\/fcba-offshore.com\/en\/offshore-company-in-the-isle-of-man\/\"><img loading=\"lazy\" decoding=\"async\" class=\"alignnone wp-image-350\" src=\"http:\/\/fcba-offshore.com\/wp-content\/uploads\/2014\/06\/Ile-de-Man.png\" alt=\"Ile-de-Man\" width=\"33\" height=\"20\" \/><\/a> <a class=\"tooltips\" style=\"position: absolute;\" title=\"Ostrov Man (The Isle of Man) je v Eur\u00f3pe pomerne zn\u00e1my...\" href=\"https:\/\/fcba-offshore.com\/sk\/offshore-spolocnost-na-ostrove-man\/\">Ostrov Man<\/a><\/td>\n<td><a href=\"https:\/\/fcba-offshore.com\/en\/offshore-company-in-monaco\/\"><img loading=\"lazy\" decoding=\"async\" class=\"alignnone wp-image-356\" src=\"http:\/\/fcba-offshore.com\/wp-content\/uploads\/2014\/06\/Monaco.png\" alt=\"Monaco is a principality and an exclusive offshore destination...\" width=\"33\" height=\"20\" \/><\/a> <a class=\"tooltips\" style=\"position: absolute;\" title=\"Monack\u00e9 knie\u017eatstvo je vo svete zn\u00e1me ako destin\u00e1cia...\" href=\"https:\/\/fcba-offshore.com\/sk\/offshore-spolocnost-v-monaku\/\">Monako<\/a><\/td>\n<td><a class=\"tooltips\" style=\"position: absolute;\" title=\"Ostatn\u00e9 offshore jurisdikcie...\" href=\"https:\/\/fcba-offshore.com\/sk\/ostatne-offshore-jurisdikcie\/\">Ostatn\u00e9 offshore jurisdikcie<\/a><\/td>\n<\/tr>\n<\/tbody>\n<\/table>\n<p><span class=\"hps\">Pre\u010d\u00edtajte si obsah ka\u017edej z vy\u0161\u0161ie uveden\u00fdch jurisdikci\u00ed a z\u00edskajte z\u00e1kladn\u00e9 znalosti o offshore podnikan\u00ed a taktie\u017e kv\u00f4li tomu, aby ste lep\u0161ie pochopili <a href=\"https:\/\/fcba-offshore.com\/sk\/\">rady na\u0161ich odborn\u00edkov<\/a>.<\/span><span class=\"hps\">.<\/span><\/p>\n<p>&nbsp;<\/p>\n<p style=\"text-align: justify;\">Ak budete potrebova\u0165 ak\u00e9ko\u013evek \u010fal\u0161ie inform\u00e1cie, nev\u00e1hajte a <a href=\"https:\/\/fcba-offshore.com\/sk\/kontakt\/\">kontaktujte \u010dlenov t\u00edmu spolo\u010dnosti FCBA Offshore<\/a>.<\/p>\n<p>&nbsp;<\/p>\n<p style=\"text-align: justify;\"><a href=\"http:\/\/fcba-offshore.com\/wp-content\/uploads\/2014\/06\/logo-small.png\"><img loading=\"lazy\" decoding=\"async\" class=\"alignnone size-full wp-image-479\" src=\"http:\/\/fcba-offshore.com\/wp-content\/uploads\/2014\/06\/logo-small.png\" alt=\"Logo offshore small\" width=\"142\" height=\"31\" \/><\/a><\/p>\n","protected":false},"excerpt":{"rendered":"<p>Offshore jurisdikcie: &nbsp; Andorra Dominika Jersey Nevis Bahamy Dubaj Loty\u0161sko Panama Belize Gibralt\u00e1r Lichten\u0161tajnsko Seychely B.P.O. Guernesey Luxembursko Singapur Kajmansk\u00e9 ostrovy Hongkong Malta \u0160vaj\u010diarsko Cyprus \u00cdrsko Maur\u00edcius Vanuatu Delaware Ostrov Man Monako Ostatn\u00e9 offshore jurisdikcie Pre\u010d\u00edtajte si obsah ka\u017edej z vy\u0161\u0161ie uveden\u00fdch jurisdikci\u00ed a z\u00edskajte z\u00e1kladn\u00e9 znalosti o offshore podnikan\u00ed a taktie\u017e kv\u00f4li tomu, aby&hellip;<\/p>\n","protected":false},"author":1,"featured_media":0,"parent":0,"menu_order":0,"comment_status":"closed","ping_status":"open","template":"","meta":{"footnotes":""},"class_list":["post-1871","page","type-page","status-publish","hentry"],"_links":{"self":[{"href":"https:\/\/fcba-offshore.com\/sk\/wp-json\/wp\/v2\/pages\/1871","targetHints":{"allow":["GET"]}}],"collection":[{"href":"https:\/\/fcba-offshore.com\/sk\/wp-json\/wp\/v2\/pages"}],"about":[{"href":"https:\/\/fcba-offshore.com\/sk\/wp-json\/wp\/v2\/types\/page"}],"author":[{"embeddable":true,"href":"https:\/\/fcba-offshore.com\/sk\/wp-json\/wp\/v2\/users\/1"}],"replies":[{"embeddable":true,"href":"https:\/\/fcba-offshore.com\/sk\/wp-json\/wp\/v2\/comments?post=1871"}],"version-history":[{"count":17,"href":"https:\/\/fcba-offshore.com\/sk\/wp-json\/wp\/v2\/pages\/1871\/revisions"}],"predecessor-version":[{"id":4073,"href":"https:\/\/fcba-offshore.com\/sk\/wp-json\/wp\/v2\/pages\/1871\/revisions\/4073"}],"wp:attachment":[{"href":"https:\/\/fcba-offshore.com\/sk\/wp-json\/wp\/v2\/media?parent=1871"}],"curies":[{"name":"wp","href":"https:\/\/api.w.org\/{rel}","templated":true}]}}