{"id":1913,"date":"2015-12-16T13:12:49","date_gmt":"2015-12-16T13:12:49","guid":{"rendered":"http:\/\/fcba-offshore.com\/?page_id=1913"},"modified":"2016-10-10T15:15:35","modified_gmt":"2016-10-10T15:15:35","slug":"pripadove-studie","status":"publish","type":"page","link":"https:\/\/fcba-offshore.com\/sk\/pripadove-studie\/","title":{"rendered":"Pr\u00edpadov\u00e9 \u0161t\u00fadie"},"content":{"rendered":"<div id=\"accordion-1\" class=\"accordion no-js\" role=\"tablist\" aria-multiselectable=\"true\">\n<h3 id=\"accordion-1-t1\" class=\"accordion-title\" role=\"tab\" aria-controls=\"accordion-1-c1\" aria-selected=\"false\" aria-expanded=\"false\" tabindex=\"0\" >Offshore bankovn\u00fd \u00fa\u010det v zahrani\u010d\u00ed<\/h3><div id=\"accordion-1-c1\" class=\"accordion-content\" role=\"tabpanel\" aria-labelledby=\"accordion-1-t1\" aria-hidden=\"true\">\n<p>Rebecca p\u011bt let \u017eije a pracuje ve Francii jako u\u010ditelka angli\u010dtiny. Je vdan\u00e1 a m\u00e1 dv\u011b d\u011bti. P\u0159esto\u017ee je Angli\u010danka, je usazen\u00e1 ve Francii a plat\u00ed zde dan\u011b. Po smrti matky zd\u011bdila byt na severu Lond\u00fdna, a aby z n\u011bj n\u011bco m\u011bla, rozhodla se ho pronaj\u00edmat. Z praktick\u00fdch a da\u0148ov\u00fdch d\u016fvod\u016f doporu\u010dujeme Rebecce otev\u0159\u00edt si offshore bankovn\u00ed \u00fa\u010det v n\u011bkolika m\u011bn\u00e1ch v\u00a0offshore bance v Atlantick\u00e9m oce\u00e1nu. Seri\u00f3znost tohoto offshore m\u00edsta poskytuje Rebecce z\u00e1ruku bankovn\u00edho tajemstv\u00ed a umo\u017e\u0148uje j\u00ed tak\u00e9 vyu\u017e\u00edvat mo\u017enost sm\u011b\u0148ovat pen\u00edze inkasovan\u00e9 v britsk\u00fdch libr\u00e1ch (GBP) na eura (EUR) bez jak\u00fdchkoliv poplatk\u016f za jejich sm\u011bnu.<\/p>\n<p>T\u0159i hlavn\u00ed p\u0159\u00ednosy pro Rebeccu:<\/p>\n<ul>\n<li>u\u0161et\u0159\u00ed hodn\u011b na dan\u00edch<\/li>\n<li>bance u\u017e neplat\u00ed \u017e\u00e1dn\u00e9 poplatky za sm\u011bnu pen\u011bz<\/li>\n<li>jej\u00ed jm\u011bn\u00ed je v bezpe\u010dn\u00e9 offshore jurisdikci, kter\u00e1 zaru\u010duje bankovn\u00ed tajemstv\u00ed<\/li>\n<\/ul>\n<p>Rebecca vynalo\u017eila na otev\u0159en\u00ed tohoto bankovn\u00edho \u00fa\u010dtu 600 \u20ac a nemusela se p\u0159itom hnout z\u00a0m\u00edsta ani starat o \u017e\u00e1dn\u00e9 pap\u00edrov\u00e1n\u00ed.<\/div>\n<h3 id=\"accordion-1-t2\" class=\"accordion-title\" role=\"tab\" aria-controls=\"accordion-1-c2\" aria-selected=\"false\" aria-expanded=\"false\" tabindex=\"0\" >Medzin\u00e1rodn\u00fd konzultant<\/h3><div id=\"accordion-1-c2\" class=\"accordion-content\" role=\"tabpanel\" aria-labelledby=\"accordion-1-t2\" aria-hidden=\"true\">\n<p>David je belgick\u00fd specialista na jadernou energii. \u017dije v\u00a0Belgii, kde cht\u011bl rozjet sv\u00e9 podnik\u00e1n\u00ed. Z\u0159\u00eddil proto belgickou spole\u010dnost a oslovil \u00fa\u010detn\u00ed agenturu, aby se starala o obchodn\u00ed spr\u00e1vu jeho spole\u010dnosti. Proto\u017ee m\u00e1 v\u0161ak spole\u010dnost mezin\u00e1rodn\u00ed profil (David pracuje velmi \u010dasto v\u00a0r\u016fzn\u00fdch zem\u00edch pro r\u016fzn\u00e9 spole\u010dnosti), doporu\u010dujeme Davidovi, aby zaregistroval novou spole\u010dnost v Loty\u0161sku. Zde je da\u0148 z p\u0159\u00edjm\u016f pr\u00e1vnick\u00fdch osob nejni\u017e\u0161\u00ed v Evrop\u011b (mezi 9 a 15 %). Krom\u011b toho jsme mu jeho jm\u00e9nem pomohli vy\u0159\u00eddit ve\u0161ker\u00e9 pot\u0159ebn\u00e9 dokumenty. I nyn\u00ed poskytuj\u00ed na\u0161e pr\u00e1vnick\u00e9 a finan\u010dn\u00ed t\u00fdmy spolu s m\u00edstn\u00edmi partnery Davidovi ve\u0161kerou podporu pot\u0159ebnou k dodr\u017eov\u00e1n\u00ed v\u0161ech nutn\u00fdch po\u017eadavk\u016f loty\u0161sk\u00fdch \u00fa\u0159ad\u016f (\u00fa\u010detnictv\u00ed, da\u0148ov\u00e9 p\u0159izn\u00e1n\u00ed&#8230;). Nakonec jsme mu otev\u0159eli podnikatelsk\u00fd bankovn\u00ed \u00fa\u010det v n\u011bkolika m\u011bn\u00e1ch, kter\u00fd mu umo\u017e\u0148uje sm\u011b\u0148ovat p\u0159\u00edchoz\u00ed a odchoz\u00ed pen\u00edze na euro, americk\u00fd dolar a\u00a0britskou libru.<\/p>\n<p>P\u0159\u00ednos\u016f pro Davida je hodn\u011b:<\/p>\n<ul>\n<li>ve srovn\u00e1n\u00ed s \u010d\u00e1stkami placen\u00fdmi v Belgii ohromn\u011b u\u0161et\u0159\u00ed na dani z p\u0159\u00edjm\u016f pr\u00e1vnick\u00fdch osob<\/li>\n<li>u\u017e se nemus\u00ed zab\u00fdvat jak\u00fdmikoliv administrativn\u00edmi \u00fakony<\/li>\n<li>S\u00a0podnikatelsk\u00fdm bankovn\u00edm \u00fa\u010dtem v n\u011bkolika m\u011bn\u00e1ch u\u017e neplat\u00ed \u017e\u00e1dn\u00e9 bankovn\u00ed poplatky jako d\u0159\u00edv<\/li>\n<\/ul>\n<p>N\u00e1klady na registraci t\u00e9to spole\u010dnosti jsou 2000 \u20ac. N\u00e1klady na otev\u0159en\u00ed Davidova podnikatelsk\u00e9ho bankovn\u00edho \u00fa\u010dtu jsou 800 \u20ac.\u00a0M\u011bs\u00ed\u010dn\u00ed administrativn\u00ed poplatek (v\u010detn\u011b \u00fa\u010detn\u00edho) je 300 \u20ac. Po pouh\u00fdch t\u0159ech m\u011bs\u00edc\u00edch doporu\u010dil David sv\u00e9mu kamar\u00e1dovi (konzultantovi IT Nicolasovi), aby se na n\u00e1s obr\u00e1til, a proto\u017ee jsme mu tak mohli nab\u00eddnout sv\u00e9 slu\u017eby, odm\u011bnili jsme Davida t\u0159\u00edm\u011bs\u00ed\u010dn\u00ed bezplatnou podporou ve spr\u00e1v\u011b a\u00a0administrativ\u011b.\u00a0Ve spole\u010dnosti FCBA Offshore Ltd podporujeme a odm\u011b\u0148ujeme sv\u00e9 klienty za to, \u017ee o n\u00e1s mluv\u00ed! <\/div>\n<h3 id=\"accordion-1-t3\" class=\"accordion-title\" role=\"tab\" aria-controls=\"accordion-1-c3\" aria-selected=\"false\" aria-expanded=\"false\" tabindex=\"0\" >Viac-menov\u00fd offshore \u00fa\u010det<\/h3><div id=\"accordion-1-c3\" class=\"accordion-content\" role=\"tabpanel\" aria-labelledby=\"accordion-1-t3\" aria-hidden=\"true\">\n<p>Ta\u0165\u00e1na je Ruska, kter\u00e1 se rozhodla p\u0159est\u011bhovat na Kypr a u\u017e\u00edvat si tam klidn\u00e9ho \u017eivota. V\u00a0Moskv\u011b vlastn\u00ed ziskovou spole\u010dnost, ze kter\u00e9 m\u00e1 n\u011bjak\u00e9 pen\u00edze.\u00a0M\u00e1 dv\u011b d\u011bti a chce je podporovat. Oba jsou studenti, jeden je v Lond\u00fdn\u011b a druh\u00fd v New Yorku. Tak\u017ee Ta\u0165\u00e1nin hlavn\u00ed p\u0159\u00edjem je v rusk\u00fdch rublech (RUB), ale v\u00fddaje jsou v eurech (kypersk\u00e1 m\u011bna) a pen\u00edze pos\u00edl\u00e1 d\u011btem v britsk\u00fdch libr\u00e1ch a americk\u00fdch dolarech. Nejlep\u0161\u00ed volbou je otev\u0159\u00edt si bankovn\u00ed \u00fa\u010det na Malt\u011b ve 4 m\u011bn\u00e1ch:\u00a0rubl (RUB), euro (EUR), britsk\u00e1 libra (GBP) a americk\u00fd dolar (USD).<\/p>\n<p>P\u0159\u00ednosy pro Ta\u0165\u00e1nu:<\/p>\n<ul>\n<li>velice u\u0161et\u0159\u00ed na bankovn\u00edch poplatc\u00edch, zvl\u00e1\u0161t\u011b na poplatc\u00edch za sm\u011bnu v\u0161ech m\u011bn<\/li>\n<li>velmi rychl\u00e9 transakce a bankovn\u00ed p\u0159evody<\/li>\n<li>snadn\u00e1 spr\u00e1va d\u00edky tomu, \u017ee je v\u0161e nyn\u00ed v jedn\u00e9 bance a Ta\u0165\u00e1na m\u016f\u017ee v\u0161e \u0159\u00eddit sama z\u00a0laptopu<\/li>\n<\/ul>\n<p>Ta\u0165\u00e1na vynalo\u017eila na otev\u0159en\u00ed tohoto bankovn\u00edho \u00fa\u010dtu 600 \u20ac a nemusela se p\u0159itom starat o\u00a0\u017e\u00e1dn\u00e9 pap\u00edrov\u00e1n\u00ed ani se z Kypru nikam p\u0159esouvat.<\/p>\n<\/div>\n<h3 id=\"accordion-1-t4\" class=\"accordion-title\" role=\"tab\" aria-controls=\"accordion-1-c4\" aria-selected=\"false\" aria-expanded=\"false\" tabindex=\"0\" >Anonymn\u00e1 kredit\/debit karta<\/h3><div id=\"accordion-1-c4\" class=\"accordion-content\" role=\"tabpanel\" aria-labelledby=\"accordion-1-t4\" aria-hidden=\"true\">\n<p>Alexander si z osobn\u00edch d\u016fvod\u016f p\u0159eje m\u00edt pln\u011b anonymn\u00ed debetn\u00ed kartu, se kterou bude moci vyu\u017e\u00edvat obvykl\u00e9 slu\u017eby jako online platby, vyb\u00edr\u00e1n\u00ed hotovosti a platby v obchodech. Tento typ produktu je samoz\u0159ejm\u011b velice zaj\u00edmav\u00fd, je v\u0161ak velmi obt\u00ed\u017en\u00e9 jej nal\u00e9zt a t\u011bch n\u011bkolik m\u00e1lo bank, kter\u00e9 ho nab\u00edz\u00ed, ho nenab\u00edz\u00ed n\u011bkomu, koho neznaj\u00ed. Alexanderovi jsme v\u0161ak samoz\u0159ejm\u011b d\u00edky na\u0161\u00ed partnersk\u00e9 s\u00edti dok\u00e1zali anonymn\u00ed kartu zajistit.\u00a0Jeho jm\u00e9no nen\u00ed dokonce ani na kreditn\u00ed kart\u011b a pro da\u0148ov\u00e9 \u00fa\u0159ady zem\u011b jeho pobytu je zcela nemo\u017en\u00e9 vystopovat jakoukoliv transakci.<\/p>\n<p>To m\u00e1 pro Alexandera n\u011bkolik p\u0159\u00ednos\u016f:<\/p>\n<ul>\n<li>anonymita u v\u0161ech bankovn\u00edch transakc\u00ed<\/li>\n<li>t\u00e9m\u011b\u0159 neomezen\u00e9 platby (\u017e\u00e1dn\u00fd denn\u00ed, t\u00fddenn\u00ed nebo m\u011bs\u00ed\u010dn\u00ed limit)<\/li>\n<li>bankovn\u00ed \u00fa\u010det z\u0159\u00edzen\u00fd v r\u00e1mci bezpe\u010dn\u00e9 jurisdikce, kter\u00e1 nab\u00edz\u00ed bankovn\u00ed tajemstv\u00ed<\/li>\n<li>p\u0159\u00edstup ke v\u0161em standardn\u00edm slu\u017eb\u00e1m a produkt\u016fm, kter\u00e9 nab\u00edz\u00ed jak\u00e9koliv oby\u010dejn\u00e9 banky<\/li>\n<\/ul>\n<p>Alexander zaplatil celkem 800 \u20ac a my jsme p\u0159evzali ve\u0161kerou administrativn\u00ed z\u00e1t\u011b\u017e s plnou diskr\u00e9tnost\u00ed. <\/div>\n<h3 id=\"accordion-1-t5\" class=\"accordion-title\" role=\"tab\" aria-controls=\"accordion-1-c5\" aria-selected=\"false\" aria-expanded=\"false\" tabindex=\"0\" >Bankovn\u00e9 tajomstvo<\/h3><div id=\"accordion-1-c5\" class=\"accordion-content\" role=\"tabpanel\" aria-labelledby=\"accordion-1-t5\" aria-hidden=\"true\">\n<p>John a jeho \u017eena Victoria jsou Angli\u010dani a jsou v d\u016fchodu.\u00a0Nemaj\u00ed d\u011bti a rozhodli se p\u0159ev\u00e9st sv\u016fj majetek na synovce, kter\u00e9ho z rodinn\u00fdch d\u016fvod\u016f po smrti jeho rodi\u010d\u016f \u010d\u00e1ste\u010dn\u011b sami vychovali.\u00a0Ale John a Victoria maj\u00ed i jin\u00e9 nete\u0159e a synovce a p\u0159evodu \u010d\u00e1sti majetku na zbytek rodiny cht\u011bj\u00ed zabr\u00e1nit. Proto jim doporu\u010dujeme otev\u0159\u00edt si offshore bankovn\u00ed \u00fa\u010det na jm\u00e9no synovce v ultra chr\u00e1n\u011bn\u00e9 jurisdik\u010dn\u00ed \u010d\u00e1sti Karibiku.<\/p>\n<p>P\u0159\u00ednosy pro Johna y Victorii:<\/p>\n<ul>\n<li>bankovn\u00ed tajemstv\u00ed, kter\u00e9 zaru\u010duje bezpe\u010dnost jm\u011bn\u00ed<\/li>\n<li>je zabezpe\u010den p\u0159evod jejich jm\u011bn\u00ed<\/li>\n<li>p\u0159\u00edle\u017eitost nav\u00fd\u0161it \u00faspory d\u00edky vysoce funk\u010dn\u00edm a \u00fa\u010dinn\u00fdm spo\u0159ic\u00edm produkt\u016fm<\/li>\n<\/ul>\n<p>John a Victoria vynalo\u017eili 600 \u20ac a nemuseli se nikam p\u0159esouvat ani se starat o pap\u00edrov\u00e1n\u00ed. <\/div>\n<h3 id=\"accordion-1-t6\" class=\"accordion-title\" role=\"tab\" aria-controls=\"accordion-1-c6\" aria-selected=\"false\" aria-expanded=\"false\" tabindex=\"0\" >Podnikate\u013e\/\u017divnostn\u00edk<\/h3><div id=\"accordion-1-c6\" class=\"accordion-content\" role=\"tabpanel\" aria-labelledby=\"accordion-1-t6\" aria-hidden=\"true\">\n<p>Frank je Australan, kter\u00fd l\u00e9ta pracoval v USA pro velkou newyorskou poji\u0161\u0165ovnu. Kdy\u017e se zamiloval, rozhodl se p\u0159est\u011bhovat do Evropy a sv\u00e9ho m\u00edsta se vzd\u00e1t. Cht\u011bl v\u0161ak vyu\u017e\u00edt zku\u0161enosti nasb\u00edran\u00e9 b\u011bhem dlouhodob\u00e9ho pobytu v Americe, a tak se rozhodl pracovat na voln\u00e9 noze jako poji\u0161\u0165ovac\u00ed makl\u00e9\u0159. Z da\u0148ov\u00fdch d\u016fvod\u016f zalo\u017eil Frank jednu spole\u010dnost v\u00a0Delaware a druhou v Irsku, aby si udr\u017eel svoje evropsk\u00e9 aktivity. Kdy\u017e m\u011bl probl\u00e9my s\u00a0otev\u0159en\u00edm bankovn\u00edho \u00fa\u010dtu pro spole\u010dnost v Delaware, obr\u00e1til se na n\u00e1s. Probrali jsme s\u00a0n\u00edm jeho p\u0159\u00edpad, kompletn\u011b jsme analyzovali v\u0161echny mo\u017enosti slu\u010diteln\u00e9 s jeho osobn\u00ed i\u00a0profesn\u00ed situac\u00ed a poradili jsme mu, aby zalo\u017eil novou spole\u010dnost na Seychel\u00e1ch a tu v\u00a0Delaware uzav\u0159el. Rychle jsme o na\u0161em n\u00e1vrhu Franka p\u0159esv\u011bd\u010dili, a p\u0159esto\u017ee byl zklaman\u00fd, \u017ee ztratil \u010das a pen\u00edze zakl\u00e1d\u00e1n\u00edm spole\u010dnosti v Delaware, n\u00e1\u0161 n\u00e1vrh p\u0159ijal. Samoz\u0159ejm\u011b jsme mu mohli pro spole\u010dnost v Delaware z\u0159\u00eddit podnikatelsk\u00fd bankovn\u00ed \u00fa\u010det v n\u011bkolika m\u011bn\u00e1ch, ale v\u00fdhodn\u011bj\u0161\u00ed pro n\u011bj bylo zaregistrovat spole\u010dnost na Seychel\u00e1ch. Pot\u00e9 jsme mu otev\u0159eli podnikatelsk\u00fd bankovn\u00ed \u00fa\u010det v n\u011bkolika m\u011bn\u00e1ch pro jeho novou seychelskou spole\u010dnost.<\/p>\n<p>P\u0159\u00ednosy pro Franka:<\/p>\n<ul>\n<li>v\u011bt\u0161\u00ed diskr\u00e9tnost a komfort spole\u010dnosti na Seychel\u00e1ch (oproti spole\u010dnosti v Delaware)<\/li>\n<li>pln\u00e9 geografick\u00e9 pokryt\u00ed obchod\u016f bez jak\u00e9hokoliv omezen\u00ed<\/li>\n<li>p\u0159\u00edzniv\u011bj\u0161\u00ed zdan\u011bn\u00ed (Seychely versus Delaware)<\/li>\n<li>bankovn\u00ed tajemstv\u00ed<\/li>\n<li>\u00faspora na bankovn\u00edch poplatc\u00edch (v\u00fdm\u011bna m\u011bny)<\/li>\n<\/ul>\n<p>Frankovy n\u00e1klady na registraci spole\u010dnosti na Seychel\u00e1ch byly 1500 \u20ac a na otev\u0159en\u00ed offshore podnikatelsk\u00e9ho bankovn\u00edho \u00fa\u010dtu 800 \u20ac. Frank nav\u00edc ustanovil FCBA Offshore Ltd, aby se starala o v\u0161echny administrativn\u00ed povinnosti v\u016f\u010di seychelsk\u00fdm \u00fa\u0159ad\u016fm (v\u010detn\u011b \u00fa\u010detnictv\u00ed&#8230;). M\u011bs\u00ed\u010dn\u00ed poplatek je 180 \u20ac a jeho sou\u010d\u00e1st\u00ed je i ulo\u017een\u00ed v\u0161ech pr\u00e1vn\u00edch dokument\u016f jeho spole\u010dnosti, kter\u00e9 mu zaru\u010d\u00ed plnou diskr\u00e9tnost.<\/p>\n<p>Frank si je jist\u00fd, \u017ee dok\u00e1\u017ee p\u0159esv\u011bd\u010dit n\u011bkoho ze sv\u00fdch zn\u00e1m\u00fdch v podobn\u00e9 situaci, aby zkusili stejn\u00e9 \u0159e\u0161en\u00ed. Pokud je pak skute\u010dn\u011b zkus\u00ed, nab\u00eddneme Frankovi t\u0159i m\u011bs\u00edce bezplatn\u00e9 podpory ve spr\u00e1v\u011b a administrativ\u011b souvisej\u00edc\u00ed s jeho spole\u010dnost\u00ed na Seychel\u00e1ch. <\/div>\n<h3 id=\"accordion-1-t7\" class=\"accordion-title\" role=\"tab\" aria-controls=\"accordion-1-c7\" aria-selected=\"false\" aria-expanded=\"false\" tabindex=\"0\" >Eur\u00f3psky \u00fa\u010det pro neeur\u00f3psku spolo\u010dnost<\/h3><div id=\"accordion-1-c7\" class=\"accordion-content\" role=\"tabpanel\" aria-labelledby=\"accordion-1-t7\" aria-hidden=\"true\">\n<p>Jeremie je francouzsk\u00fd \u0159idi\u010d kamionu, kter\u00fd pracuje 10 let pro francouzskou spole\u010dnost. I\u00a0kdy\u017e si cht\u011bl zalo\u017eit vlastn\u00ed spole\u010dnost, kv\u016fli francouzsk\u00e9 regulaci trhu nikdy nev\u011b\u0159il, \u017ee se jeho sen m\u016f\u017ee splnit. Ale v Loty\u0161sku je mo\u017en\u00e9 si bez administrativn\u00edch a finan\u010dn\u00edch obt\u00ed\u017e\u00ed z\u0159\u00eddit vlastn\u00ed p\u0159epravn\u00ed spole\u010dnost. Spole\u010dnost ani nemus\u00ed v Loty\u0161sku fungovat a odpov\u011bdnost nese pr\u00e1vn\u00ed subjekt (spole\u010dnost), nikoliv osoba (jednotlivec).\u00a0\u010clenov\u00e9 t\u00fdmu FCBA Offshore Ltd si dali pr\u00e1ci, aby podrobn\u011b prostudovali v\u0161echny pr\u00e1vn\u00ed body takov\u00e9ho offshore \u0159e\u0161en\u00ed a\u00a0Jeremieho podporovali ve v\u0161ech administrativn\u00edch \u00fakonech.\u00a0Jeremie se tak stal sv\u00fdm p\u00e1nem a splnil si sen. T\u011b\u017e\u00ed tak\u00e9 nyn\u00ed z nejni\u017e\u0161\u00ed dan\u011b z p\u0159\u00edjm\u016f pr\u00e1vnick\u00fdch osob v Evrop\u011b (mezi 9 a 15 %). Krom\u011b toho Jeremie ustanovil n\u00e1\u0161 t\u00fdm odborn\u00edk\u016f, aby se staral o v\u0161echny \u00fa\u010detn\u00ed a administrativn\u00ed aspekty, kter\u00e9 souvis\u00ed s \u00fadr\u017ebou spole\u010dnosti.\u00a0Nakonec bylo pot\u0159eba otev\u0159\u00edt podnikatelsk\u00fd bankovn\u00ed \u00fa\u010det spojen\u00fd s jeho novou spole\u010dnost\u00ed v Loty\u0161sku.<\/p>\n<p>P\u0159\u00ednosy pro Jeremieho:<\/p>\n<ul>\n<li>vlastn\u00ed svou vlastn\u00ed spole\u010dnost a je na voln\u00e9 noze<\/li>\n<li>jeho spole\u010dnost plat\u00ed velmi n\u00edzkou da\u0148 z p\u0159\u00edjm\u016f pr\u00e1vnick\u00fdch osob<\/li>\n<li>nemus\u00ed pl\u00fdtvat \u010dasem a starat se o v\u0161echny administrativn\u00ed a \u00fa\u010detn\u00ed aspekty<\/li>\n<li>m\u00e1 velmi \u00fa\u010dinn\u00fd a levn\u00fd bankovn\u00ed \u00fa\u010det s rozs\u00e1hlou \u0159adou slu\u017eeb<\/li>\n<\/ul>\n<p>Jeremieho n\u00e1klady souvisej\u00edc\u00ed s registrac\u00ed jeho loty\u0161sk\u00e9 spole\u010dnosti byly 2000 \u20ac a n\u00e1klady na otev\u0159en\u00ed podnikatelsk\u00e9ho bankovn\u00edho \u00fa\u010dtu 800 \u20ac. Krom\u011b toho si vybral administrativn\u00ed a\u00a0\u00fa\u010detn\u00ed podporu, kter\u00e1 stoj\u00ed 300 \u20ac m\u011bs\u00ed\u010dn\u011b.<\/p>\n<\/div>\n<h3 id=\"accordion-1-t8\" class=\"accordion-title\" role=\"tab\" aria-controls=\"accordion-1-c8\" aria-selected=\"false\" aria-expanded=\"false\" tabindex=\"0\" >Zahrani\u010dn\u00fd \u0161tudent<\/h3><div id=\"accordion-1-c8\" class=\"accordion-content\" role=\"tabpanel\" aria-labelledby=\"accordion-1-t8\" aria-hidden=\"true\">\n<p>Karim je al\u017e\u00edrsk\u00fd student medic\u00edny. Cht\u011bl zv\u00fd\u0161it svou \u00farove\u0148 vzd\u011bl\u00e1n\u00ed, proto se rozhodl p\u0159est\u011bhovat na p\u00e1r let do Francie. Proto samoz\u0159ejm\u011b pot\u0159ebuje evropsk\u00fd osobn\u00ed bankovn\u00ed \u00fa\u010det. Kv\u016fli jeho neevropsk\u00e9 n\u00e1rodnosti mu ho v\u0161ak tradi\u010dn\u00ed francouzsk\u00e9 banky odm\u00edtly otev\u0159\u00edt. Obr\u00e1til se tedy na n\u00e1s a my jsme u jednoho z na\u0161ich evropsk\u00fdch bankovn\u00edch partner\u016f jeho jm\u00e9nem vy\u0159\u00eddili ve\u0161ker\u00e9 administrativn\u00ed \u00fakony a t\u00edm jsme mu osobn\u00ed bankovn\u00ed \u00fa\u010det v\u00a0eurech zajistili.\u00a0Karim si nav\u00edc z\u0159\u00eddil internetov\u00e9 bankovnictv\u00ed a m\u00e1 MasterCard.<\/p>\n<p>P\u0159\u00ednosy pro Karima:<\/p>\n<ul>\n<li>p\u0159\u00edstup k evropsk\u00e9 bance a jej\u00edm standardn\u00edm slu\u017eb\u00e1m a produkt\u016fm<\/li>\n<li>p\u0159i p\u0159evodech z Al\u017e\u00edru d\u00edky vyu\u017e\u00edv\u00e1n\u00ed tohoto bankovn\u00edho \u00fa\u010dtu nam\u00edsto n\u00e1kladn\u00fdch specialist\u016f na p\u0159evod pen\u011bz velice u\u0161et\u0159\u00ed<\/li>\n<\/ul>\n<p>Jeho n\u00e1klady byly 600 \u20ac. <\/div>\n<h3 id=\"accordion-1-t9\" class=\"accordion-title\" role=\"tab\" aria-controls=\"accordion-1-c9\" aria-selected=\"false\" aria-expanded=\"false\" tabindex=\"0\" >Zamietnut\u00e1 osoba bankou<\/h3><div id=\"accordion-1-c9\" class=\"accordion-content\" role=\"tabpanel\" aria-labelledby=\"accordion-1-t9\" aria-hidden=\"true\">\n<p>Pablo je \u0160pan\u011bl a kv\u016fli lo\u0148sk\u00e9mu bankrotu jeho b\u00fdval\u00e9 spole\u010dnosti nem\u00e1 nad\u00e1le povoleno m\u00edt osobn\u00ed bankovn\u00ed \u00fa\u010det. Ale pokud jde o bankovn\u00ed slu\u017eby, maj\u00ed Pablo a jeho rodina stejn\u00e9 pot\u0159eby jako kdokoliv jin\u00fd. P\u0159edstavili jsme Pabla jednomu z na\u0161ich evropsk\u00fdch bankovn\u00edch partner\u016f, kter\u00fd mu umo\u017enil m\u00edt b\u011b\u017en\u00fd bankovn\u00ed \u00fa\u010det v eurech pro individu\u00e1ln\u00ed pot\u0159eby s\u00a0internetov\u00fdm bankovnictv\u00edm a kartou Visa.<\/p>\n<p>P\u0159\u00ednosy pro Pabla:<\/p>\n<ul>\n<li>m\u00e1 norm\u00e1ln\u00ed \u017eivot s norm\u00e1ln\u00ed finan\u010dn\u00ed aktivitou a vyu\u017e\u00edv\u00e1 v\u0161ech standardn\u00edch bankovn\u00edch slu\u017eeb<\/li>\n<li>m\u00e1 p\u0159\u00edstup k \u0161irok\u00e9 \u0161k\u00e1le produkt\u016f a slu\u017eeb, kter\u00e9 slou\u017e\u00ed efektivn\u011bji ne\u017e ty, je\u017e mu nab\u00eddla jeho p\u0159edchoz\u00ed banka<\/li>\n<\/ul>\n<p>Pablovy n\u00e1klady byly 600 \u20ac. <\/div> <\/div>\n<p><strong>\u00a0<\/strong><\/p>\n<p><strong>UPOZORNENIE:<\/strong><\/p>\n<p>Offshore je sice exkluzivn\u00ed, ale nen\u00ed ur\u010den jen pro men\u0161inu lid\u00ed: vyu\u017e\u00edvat jeho v\u00fdhody lze v\u00a0mnoha situac\u00edch, kter\u00e9 mohou v\u00e9st k otev\u0159en\u00ed offshore bankovn\u00edho \u00fa\u010dtu nebo ke z\u0159\u00edzen\u00ed offshore spole\u010dnosti.<\/p>\n<p>&nbsp;<\/p>\n<p>Abychom mohli va\u0161i situaci pln\u011b individu\u00e1ln\u011b a osobn\u011b proj\u00edt a stanovit, zda je pro v\u00e1s offshore v\u00fdhodn\u00fd, sta\u010d\u00ed, <a href=\"https:\/\/fcba-offshore.com\/sk\/kontakt\/\">kdy\u017e se na n\u00e1s obr\u00e1t\u00edte e-mailem, a my se s v\u00e1mi do 48 hodin spoj\u00edme<\/a>.<\/p>\n<p>&nbsp;<br \/>\n&nbsp;<\/p>\n<p style=\"text-align: justify;\"><a href=\"http:\/\/fcba-offshore.com\/wp-content\/uploads\/2014\/06\/logo-small.png\"><img loading=\"lazy\" decoding=\"async\" class=\"alignnone size-full wp-image-479\" src=\"http:\/\/fcba-offshore.com\/wp-content\/uploads\/2014\/06\/logo-small.png\" alt=\"Logo offshore small\" width=\"142\" height=\"31\" \/><\/a><\/p>\n","protected":false},"excerpt":{"rendered":"<p>\u00a0 UPOZORNENIE: Offshore je sice exkluzivn\u00ed, ale nen\u00ed ur\u010den jen pro men\u0161inu lid\u00ed: vyu\u017e\u00edvat jeho v\u00fdhody lze v\u00a0mnoha situac\u00edch, kter\u00e9 mohou v\u00e9st k otev\u0159en\u00ed offshore bankovn\u00edho \u00fa\u010dtu nebo ke z\u0159\u00edzen\u00ed offshore spole\u010dnosti. &nbsp; Abychom mohli va\u0161i situaci pln\u011b individu\u00e1ln\u011b a osobn\u011b proj\u00edt a stanovit, zda je pro v\u00e1s offshore v\u00fdhodn\u00fd, sta\u010d\u00ed, kdy\u017e se na n\u00e1s&hellip;<\/p>\n","protected":false},"author":1,"featured_media":0,"parent":0,"menu_order":0,"comment_status":"closed","ping_status":"open","template":"","meta":{"footnotes":""},"class_list":["post-1913","page","type-page","status-publish","hentry"],"_links":{"self":[{"href":"https:\/\/fcba-offshore.com\/sk\/wp-json\/wp\/v2\/pages\/1913","targetHints":{"allow":["GET"]}}],"collection":[{"href":"https:\/\/fcba-offshore.com\/sk\/wp-json\/wp\/v2\/pages"}],"about":[{"href":"https:\/\/fcba-offshore.com\/sk\/wp-json\/wp\/v2\/types\/page"}],"author":[{"embeddable":true,"href":"https:\/\/fcba-offshore.com\/sk\/wp-json\/wp\/v2\/users\/1"}],"replies":[{"embeddable":true,"href":"https:\/\/fcba-offshore.com\/sk\/wp-json\/wp\/v2\/comments?post=1913"}],"version-history":[{"count":11,"href":"https:\/\/fcba-offshore.com\/sk\/wp-json\/wp\/v2\/pages\/1913\/revisions"}],"predecessor-version":[{"id":3023,"href":"https:\/\/fcba-offshore.com\/sk\/wp-json\/wp\/v2\/pages\/1913\/revisions\/3023"}],"wp:attachment":[{"href":"https:\/\/fcba-offshore.com\/sk\/wp-json\/wp\/v2\/media?parent=1913"}],"curies":[{"name":"wp","href":"https:\/\/api.w.org\/{rel}","templated":true}]}}